{"id":129,"date":"2023-05-16T01:37:43","date_gmt":"2023-05-16T01:37:43","guid":{"rendered":"https:\/\/espetinhosmimi.com.br\/ze\/?post_type=product&#038;p=129"},"modified":"2023-06-15T21:26:50","modified_gmt":"2023-06-15T21:26:50","slug":"espeto-bovino-pacote-500g","status":"publish","type":"product","link":"https:\/\/espetinhosmimi.com.br\/ze\/produto\/espeto-bovino-pacote-500g\/","title":{"rendered":"Espeto Bovino Pacote 500g"},"content":{"rendered":"<p>Espetinho de Carne Bovina (lombinho), com mat\u00e9ria-prima selecionada, tempero especial Mimi, suculenta e macia, ideal para servir em seus Melhores Momentos!<\/p>\n<p>Pacote com 500g sendo 5 Espetinhos com 50g cada unidade.<\/p>\n<p>Modo de Preparo: Retire o produto (resfriado) da embalagem e prepare de acordo com sua prefer\u00eancia: assado na churrasqueira, sendo servido em fatias, podendo ser usada tamb\u00e9m no preparo de cozidos, levada ao forno ou simplesmente frita.<\/p>\n<p>Dica: Pode ser preparado na Churrasqueira (carv\u00e3o), Churrasqueira El\u00e9trica, Frigideira, Air fryer, Forno el\u00e9trico.<\/p>\n<table class=\"table table-striped\">\n<tbody>\n<tr class=\"table-dimensoes\">\n<td class=\"info-dimensao\">Dimens\u00f5es do Pacote<\/td>\n<td><b class=\"info-largura\">Largura:<\/b>\u00a012 cm<\/p>\n<p><b class=\"info-altura\">Altura:<\/b>\u00a00.01 cm<\/p>\n<p><b class=\"info-comprimento\">Comprimento:<\/b>\u00a00.01 cm<\/td>\n<\/tr>\n<tr>\n<td>Peso<\/td>\n<td>500 grama(s)<\/td>\n<\/tr>\n<tr class=\"fabricante\">\n<td>Fabricante<\/td>\n<td>Espetinhos Mimi<\/td>\n<\/tr>\n<\/tbody>\n<\/table>\n","protected":false},"excerpt":{"rendered":"<p>Espetinho de Carne Bovina (lombinho), com mat\u00e9ria-prima selecionada, tempero especial Mimi, suculenta e macia, ideal para servir em seus Melhores Momentos!<\/p>\n<p>Pacote com 500g sendo:<br \/>\n<strong>5 Espetinhos com 50g cada unidade.<\/strong><\/p>\n","protected":false},"featured_media":389,"comment_status":"open","ping_status":"closed","template":"","meta":[],"product_cat":[27,34,29],"product_tag":[],"class_list":["post-129","product","type-product","status-publish","has-post-thumbnail","hentry","product_cat-bovino","product_cat-ofertas-do-dia","product_cat-suinos"],"_links":{"self":[{"href":"https:\/\/espetinhosmimi.com.br\/ze\/wp-json\/wp\/v2\/product\/129","targetHints":{"allow":["GET"]}}],"collection":[{"href":"https:\/\/espetinhosmimi.com.br\/ze\/wp-json\/wp\/v2\/product"}],"about":[{"href":"https:\/\/espetinhosmimi.com.br\/ze\/wp-json\/wp\/v2\/types\/product"}],"replies":[{"embeddable":true,"href":"https:\/\/espetinhosmimi.com.br\/ze\/wp-json\/wp\/v2\/comments?post=129"}],"wp:featuredmedia":[{"embeddable":true,"href":"https:\/\/espetinhosmimi.com.br\/ze\/wp-json\/wp\/v2\/media\/389"}],"wp:attachment":[{"href":"https:\/\/espetinhosmimi.com.br\/ze\/wp-json\/wp\/v2\/media?parent=129"}],"wp:term":[{"taxonomy":"product_cat","embeddable":true,"href":"https:\/\/espetinhosmimi.com.br\/ze\/wp-json\/wp\/v2\/product_cat?post=129"},{"taxonomy":"product_tag","embeddable":true,"href":"https:\/\/espetinhosmimi.com.br\/ze\/wp-json\/wp\/v2\/product_tag?post=129"}],"curies":[{"name":"wp","href":"https:\/\/api.w.org\/{rel}","templated":true}]}}