{"id":132,"date":"2023-05-16T01:41:07","date_gmt":"2023-05-16T01:41:07","guid":{"rendered":"https:\/\/espetinhosmimi.com.br\/ze\/?post_type=product&#038;p=132"},"modified":"2023-06-15T21:26:33","modified_gmt":"2023-06-15T21:26:33","slug":"espeto-frango-coxa-pacote-500g","status":"publish","type":"product","link":"https:\/\/espetinhosmimi.com.br\/ze\/produto\/espeto-frango-coxa-pacote-500g\/","title":{"rendered":"Espeto Frango Coxa Pacote 500g"},"content":{"rendered":"<p>Espetinhos de coxa e sobrecoxa de frango, deliciosamente suculentos, com tempero exclusivo da Mimi, mat\u00e9ria-prima selecionada e maciez incompar\u00e1vel, ideal para apreciar em seus Melhores Momentos!<\/p>\n<p>Pacote com 500g sendo 10 Espetinhos com 50g cada unidade.<\/p>\n<p>Modo de Preparo: Retire o produto (resfriado) da embalagem e coloque os Espetos na Churrasqueira com fogo m\u00e9dio a alto. Vire sempre para que fique com uma cor uniforme e cuidado para n\u00e3o queimar o Palito.<\/p>\n<p>Dica: Pode ser preparado na Churrasqueira (carv\u00e3o), Churrasqueira El\u00e9trica, Air fryer, Forno el\u00e9trico.<\/p>\n<table class=\"table table-striped\">\n<tbody>\n<tr class=\"table-dimensoes\">\n<td class=\"info-dimensao\">Dimens\u00f5es do Pacote<\/td>\n<td><b class=\"info-largura\">Largura:<\/b>\u00a015 cm<\/p>\n<p><b class=\"info-altura\">Altura:<\/b>\u00a010 cm<\/p>\n<p><b class=\"info-comprimento\">Comprimento:<\/b>\u00a030 cm<\/td>\n<\/tr>\n<tr>\n<td>Peso<\/td>\n<td>500 grama(s)<\/td>\n<\/tr>\n<tr class=\"fabricante\">\n<td>Fabricante<\/td>\n<td>Espetinhos Mimi<\/td>\n<\/tr>\n<\/tbody>\n<\/table>\n","protected":false},"excerpt":{"rendered":"<p>Espetinhos de coxa e sobrecoxa de frango, deliciosamente suculentos, com tempero exclusivo da Mimi, mat\u00e9ria-prima selecionada e maciez incompar\u00e1vel, ideal para apreciar em seus Melhores Momentos!<\/p>\n<p>Pacote com 500g sendo:<br \/>\n<strong>10 Espetinhos com 50g cada unidade.<\/strong><\/p>\n","protected":false},"featured_media":390,"comment_status":"open","ping_status":"closed","template":"","meta":[],"product_cat":[28,34,29],"product_tag":[],"class_list":["post-132","product","type-product","status-publish","has-post-thumbnail","hentry","product_cat-aves","product_cat-ofertas-do-dia","product_cat-suinos"],"_links":{"self":[{"href":"https:\/\/espetinhosmimi.com.br\/ze\/wp-json\/wp\/v2\/product\/132","targetHints":{"allow":["GET"]}}],"collection":[{"href":"https:\/\/espetinhosmimi.com.br\/ze\/wp-json\/wp\/v2\/product"}],"about":[{"href":"https:\/\/espetinhosmimi.com.br\/ze\/wp-json\/wp\/v2\/types\/product"}],"replies":[{"embeddable":true,"href":"https:\/\/espetinhosmimi.com.br\/ze\/wp-json\/wp\/v2\/comments?post=132"}],"wp:featuredmedia":[{"embeddable":true,"href":"https:\/\/espetinhosmimi.com.br\/ze\/wp-json\/wp\/v2\/media\/390"}],"wp:attachment":[{"href":"https:\/\/espetinhosmimi.com.br\/ze\/wp-json\/wp\/v2\/media?parent=132"}],"wp:term":[{"taxonomy":"product_cat","embeddable":true,"href":"https:\/\/espetinhosmimi.com.br\/ze\/wp-json\/wp\/v2\/product_cat?post=132"},{"taxonomy":"product_tag","embeddable":true,"href":"https:\/\/espetinhosmimi.com.br\/ze\/wp-json\/wp\/v2\/product_tag?post=132"}],"curies":[{"name":"wp","href":"https:\/\/api.w.org\/{rel}","templated":true}]}}