{"id":133,"date":"2023-05-16T01:41:29","date_gmt":"2023-05-16T01:41:29","guid":{"rendered":"https:\/\/espetinhosmimi.com.br\/ze\/?post_type=product&#038;p=133"},"modified":"2023-06-15T21:26:10","modified_gmt":"2023-06-15T21:26:10","slug":"espeto-de-linguica-pacote-500gr","status":"publish","type":"product","link":"https:\/\/espetinhosmimi.com.br\/ze\/produto\/espeto-de-linguica-pacote-500gr\/","title":{"rendered":"Espeto Lingui\u00e7a Mista Pacote 500g"},"content":{"rendered":"<p>Espetinhos de lingui\u00e7a de carne bovina e su\u00edna em gomos, com sabor perfeitamente equilibrado, tempero exclusivo Mimi, maciez incompar\u00e1vel, ideal para apreciar em seus Melhores Momentos!<\/p>\n<p>Pacote de 500g sendo\u00a0 7\u00a0espetinhos de 70g cada unidade<\/p>\n<p>Modo de Preparo: Retire o produto (resfriado) da embalagem e coloque os Espetos na Churrasqueira com fogo m\u00e9dio a alto. Vire sempre para que fique com uma cor uniforme e cuidado para n\u00e3o queimar o Palito.<\/p>\n<p>Dica: Pode ser preparado na Churrasqueira (carv\u00e3o), Churrasqueira El\u00e9trica, Air fryer, Forno el\u00e9trico.<\/p>\n<table class=\"table table-striped\">\n<tbody>\n<tr class=\"table-dimensoes\">\n<td class=\"info-dimensao\">Dimens\u00f5es do Pacote<\/td>\n<td><b class=\"info-largura\">Largura:<\/b>\u00a00.01 cm<\/p>\n<p><b class=\"info-altura\">Altura:<\/b>\u00a00.01 cm<\/p>\n<p><b class=\"info-comprimento\">Comprimento:<\/b>\u00a00.01 cm<\/td>\n<\/tr>\n<tr>\n<td>Peso<\/td>\n<td>0.5 grama(s)<\/td>\n<\/tr>\n<tr class=\"fabricante\">\n<td>Fabricante<\/td>\n<td>Espetinhos Mimi<\/td>\n<\/tr>\n<\/tbody>\n<\/table>\n","protected":false},"excerpt":{"rendered":"<p>Espetinhos de lingui\u00e7a de carne bovina e su\u00edna em gomos, com sabor perfeitamente equilibrado, tempero exclusivo Mimi, maciez incompar\u00e1vel, ideal para apreciar em seus Melhores Momentos!<\/p>\n<p>Pacote de 500g sendo:<br \/>\n<strong>7 espetinhos de 70g cada unidade<\/strong><\/p>\n","protected":false},"featured_media":393,"comment_status":"open","ping_status":"closed","template":"","meta":[],"product_cat":[15,29],"product_tag":[],"class_list":["post-133","product","type-product","status-publish","has-post-thumbnail","hentry","product_cat-sem-categoria","product_cat-suinos"],"_links":{"self":[{"href":"https:\/\/espetinhosmimi.com.br\/ze\/wp-json\/wp\/v2\/product\/133","targetHints":{"allow":["GET"]}}],"collection":[{"href":"https:\/\/espetinhosmimi.com.br\/ze\/wp-json\/wp\/v2\/product"}],"about":[{"href":"https:\/\/espetinhosmimi.com.br\/ze\/wp-json\/wp\/v2\/types\/product"}],"replies":[{"embeddable":true,"href":"https:\/\/espetinhosmimi.com.br\/ze\/wp-json\/wp\/v2\/comments?post=133"}],"wp:featuredmedia":[{"embeddable":true,"href":"https:\/\/espetinhosmimi.com.br\/ze\/wp-json\/wp\/v2\/media\/393"}],"wp:attachment":[{"href":"https:\/\/espetinhosmimi.com.br\/ze\/wp-json\/wp\/v2\/media?parent=133"}],"wp:term":[{"taxonomy":"product_cat","embeddable":true,"href":"https:\/\/espetinhosmimi.com.br\/ze\/wp-json\/wp\/v2\/product_cat?post=133"},{"taxonomy":"product_tag","embeddable":true,"href":"https:\/\/espetinhosmimi.com.br\/ze\/wp-json\/wp\/v2\/product_tag?post=133"}],"curies":[{"name":"wp","href":"https:\/\/api.w.org\/{rel}","templated":true}]}}