{"id":134,"date":"2023-05-16T01:41:49","date_gmt":"2023-05-16T01:41:49","guid":{"rendered":"https:\/\/espetinhosmimi.com.br\/ze\/?post_type=product&#038;p=134"},"modified":"2023-06-15T21:24:01","modified_gmt":"2023-06-15T21:24:01","slug":"espeto-de-kafta-pacote-500g","status":"publish","type":"product","link":"https:\/\/espetinhosmimi.com.br\/ze\/produto\/espeto-de-kafta-pacote-500g\/","title":{"rendered":"Espeto Kafta Pacote 500g"},"content":{"rendered":"<p>Espetinho de Carne Bovina mo\u00edda, com mat\u00e9ria-prima selecionada, tempero especial Mimi, suculenta e macia, ideal para servir em seus Melhores Momentos!<\/p>\n<p>Pacote com 500g sendo 5\u00a0Espetinhos com 100g cada unidade.<\/p>\n<p>Modo de Preparo: Retire o produto (resfriado) da embalagem e coloque os Espetos na Churrasqueira com fogo m\u00e9dio a alto. Vire sempre para que fique com uma cor uniforme e cuidado para n\u00e3o queimar o Palito.<\/p>\n<p>Dica: Pode ser preparado na Churrasqueira (carv\u00e3o), Churrasqueira El\u00e9trica, Air fryer, Forno el\u00e9trico.<\/p>\n<p>Dimens\u00f5es do Pacote<\/p>\n<p><b class=\"info-largura\">Largura:<\/b>\u00a00.01 cm<\/p>\n<p><b class=\"info-altura\">Altura:<\/b>\u00a00.01 cm<\/p>\n<p><b class=\"info-comprimento\">Comprimento:<\/b>\u00a00.01 cm<\/p>\n<p>Peso500 grama(s)FabricanteEspetinhos Mimi<\/p>\n","protected":false},"excerpt":{"rendered":"<p>Espetinho de Carne Bovina mo\u00edda, com mat\u00e9ria-prima selecionada, tempero especial Mimi, suculenta e macia, ideal para servir em seus Melhores Momentos!<\/p>\n<p>Pacote com 500g sendo:<br \/>\n<strong>5 Espetinhos com 100g cada unidade.<\/strong><\/p>\n","protected":false},"featured_media":394,"comment_status":"open","ping_status":"closed","template":"","meta":[],"product_cat":[27],"product_tag":[],"class_list":["post-134","product","type-product","status-publish","has-post-thumbnail","hentry","product_cat-bovino"],"_links":{"self":[{"href":"https:\/\/espetinhosmimi.com.br\/ze\/wp-json\/wp\/v2\/product\/134","targetHints":{"allow":["GET"]}}],"collection":[{"href":"https:\/\/espetinhosmimi.com.br\/ze\/wp-json\/wp\/v2\/product"}],"about":[{"href":"https:\/\/espetinhosmimi.com.br\/ze\/wp-json\/wp\/v2\/types\/product"}],"replies":[{"embeddable":true,"href":"https:\/\/espetinhosmimi.com.br\/ze\/wp-json\/wp\/v2\/comments?post=134"}],"wp:featuredmedia":[{"embeddable":true,"href":"https:\/\/espetinhosmimi.com.br\/ze\/wp-json\/wp\/v2\/media\/394"}],"wp:attachment":[{"href":"https:\/\/espetinhosmimi.com.br\/ze\/wp-json\/wp\/v2\/media?parent=134"}],"wp:term":[{"taxonomy":"product_cat","embeddable":true,"href":"https:\/\/espetinhosmimi.com.br\/ze\/wp-json\/wp\/v2\/product_cat?post=134"},{"taxonomy":"product_tag","embeddable":true,"href":"https:\/\/espetinhosmimi.com.br\/ze\/wp-json\/wp\/v2\/product_tag?post=134"}],"curies":[{"name":"wp","href":"https:\/\/api.w.org\/{rel}","templated":true}]}}