{"id":135,"date":"2023-05-16T01:42:31","date_gmt":"2023-05-16T01:42:31","guid":{"rendered":"https:\/\/espetinhosmimi.com.br\/ze\/?post_type=product&#038;p=135"},"modified":"2024-11-10T16:29:16","modified_gmt":"2024-11-10T16:29:16","slug":"espeto-de-coracao-de-frango-pacote-500gr","status":"publish","type":"product","link":"https:\/\/espetinhosmimi.com.br\/ze\/produto\/espeto-de-coracao-de-frango-pacote-500gr\/","title":{"rendered":"Espeto Cora\u00e7\u00e3o Pacote 500g"},"content":{"rendered":"<p>Espetinhos de cora\u00e7\u00e3o de frango, macios e suculentos, com tempero exclusivo Mimi e mat\u00e9ria-prima selecionada, ideal para apreciar em seus Melhores Momentos!<\/p>\n<p>Pacote com 500g sendo 8\u00a0Espetinhos com 62g cada unidade.<\/p>\n<p>Modo de Preparo: Retire o produto (resfriado) da embalagem e coloque os Espetos na Churrasqueira com fogo m\u00e9dio a alto. Vire sempre para que fique com uma cor uniforme e cuidado para n\u00e3o queimar o Palito.<\/p>\n<p>Dica: Pode ser preparado na Churrasqueira (carv\u00e3o), Churrasqueira El\u00e9trica, Air fryer, Forno el\u00e9trico.<\/p>\n<table class=\"table table-striped\">\n<tbody>\n<tr class=\"table-dimensoes\">\n<td class=\"info-dimensao\">Dimens\u00f5es do Pacote<\/td>\n<td><b class=\"info-largura\">Largura:<\/b>\u00a00.01 cm<\/p>\n<p><b class=\"info-altura\">Altura:<\/b>\u00a00.01 cm<\/p>\n<p><b class=\"info-comprimento\">Comprimento:<\/b>\u00a00.01 cm<\/td>\n<\/tr>\n<tr>\n<td>Peso<\/td>\n<td>0.5 grama(s)<\/td>\n<\/tr>\n<tr class=\"fabricante\">\n<td>Fabricante<\/td>\n<td>Espetinhos Mimi<\/td>\n<\/tr>\n<\/tbody>\n<\/table>\n","protected":false},"excerpt":{"rendered":"<p>Espetinhos de cora\u00e7\u00e3o de frango, macios e suculentos, com tempero exclusivo Mimi e mat\u00e9ria-prima selecionada, ideal para apreciar em seus Melhores Momentos!<\/p>\n<p>Pacote com 500g sendo<br \/>\n<strong>8\u00a0Espetinhos com 62g cada unidade.<\/strong><\/p>\n","protected":false},"featured_media":396,"comment_status":"open","ping_status":"closed","template":"","meta":[],"product_cat":[28,34,29],"product_tag":[],"class_list":["post-135","product","type-product","status-publish","has-post-thumbnail","hentry","product_cat-aves","product_cat-ofertas-do-dia","product_cat-suinos"],"_links":{"self":[{"href":"https:\/\/espetinhosmimi.com.br\/ze\/wp-json\/wp\/v2\/product\/135","targetHints":{"allow":["GET"]}}],"collection":[{"href":"https:\/\/espetinhosmimi.com.br\/ze\/wp-json\/wp\/v2\/product"}],"about":[{"href":"https:\/\/espetinhosmimi.com.br\/ze\/wp-json\/wp\/v2\/types\/product"}],"replies":[{"embeddable":true,"href":"https:\/\/espetinhosmimi.com.br\/ze\/wp-json\/wp\/v2\/comments?post=135"}],"wp:featuredmedia":[{"embeddable":true,"href":"https:\/\/espetinhosmimi.com.br\/ze\/wp-json\/wp\/v2\/media\/396"}],"wp:attachment":[{"href":"https:\/\/espetinhosmimi.com.br\/ze\/wp-json\/wp\/v2\/media?parent=135"}],"wp:term":[{"taxonomy":"product_cat","embeddable":true,"href":"https:\/\/espetinhosmimi.com.br\/ze\/wp-json\/wp\/v2\/product_cat?post=135"},{"taxonomy":"product_tag","embeddable":true,"href":"https:\/\/espetinhosmimi.com.br\/ze\/wp-json\/wp\/v2\/product_tag?post=135"}],"curies":[{"name":"wp","href":"https:\/\/api.w.org\/{rel}","templated":true}]}}