{"id":136,"date":"2023-05-16T01:42:46","date_gmt":"2023-05-16T01:42:46","guid":{"rendered":"https:\/\/espetinhosmimi.com.br\/ze\/?post_type=product&#038;p=136"},"modified":"2023-06-15T21:23:19","modified_gmt":"2023-06-15T21:23:19","slug":"espeto-de-tulipa-de-frango-pacote-500gr","status":"publish","type":"product","link":"https:\/\/espetinhosmimi.com.br\/ze\/produto\/espeto-de-tulipa-de-frango-pacote-500gr\/","title":{"rendered":"Espeto de Tulipa Pacote 480g"},"content":{"rendered":"<p>Espetinho de Tulipa de Frango (meio de asas), com mat\u00e9ria-prima selecionada, tempero especial Mimi, suculenta e macia, ideal para servir em seus Melhores Momentos!<\/p>\n<p>Pacote com 480g sendo 5\u00a0Espetinhos com 96g cada unidade.<\/p>\n<p>Modo de Preparo: Retire o produto (resfriado) da embalagem e coloque os Espetos na Churrasqueira com fogo m\u00e9dio a alto. Vire sempre para que fique com uma cor uniforme e cuidado para n\u00e3o queimar o Palito.<\/p>\n<p>Dica: Pode ser preparado na Churrasqueira (carv\u00e3o), Churrasqueira El\u00e9trica, Air fryer, Forno el\u00e9trico.<\/p>\n<table class=\"table table-striped\">\n<tbody>\n<tr class=\"table-dimensoes\">\n<td class=\"info-dimensao\">Dimens\u00f5es do Pacote<\/td>\n<td><b class=\"info-largura\">Largura:<\/b>\u00a015 cm<\/p>\n<p><b class=\"info-altura\">Altura:<\/b>\u00a010 cm<\/p>\n<p><b class=\"info-comprimento\">Comprimento:<\/b>\u00a030 cm<\/td>\n<\/tr>\n<tr>\n<td>Peso<\/td>\n<td>480 grama(s)<\/td>\n<\/tr>\n<tr class=\"fabricante\">\n<td>Fabricante<\/td>\n<td>Espetinhos Mimi<\/td>\n<\/tr>\n<\/tbody>\n<\/table>\n","protected":false},"excerpt":{"rendered":"<p>Espetinho de Tulipa de Frango (meio de asas), com mat\u00e9ria-prima selecionada, tempero especial Mimi, suculenta e macia, ideal para servir em seus Melhores Momentos!<\/p>\n<p>Pacote com 480g sendo<br \/>\n<strong>5\u00a0Espetinhos com 96g cada unidade.<\/strong><\/p>\n","protected":false},"featured_media":397,"comment_status":"open","ping_status":"closed","template":"","meta":[],"product_cat":[28],"product_tag":[],"class_list":["post-136","product","type-product","status-publish","has-post-thumbnail","hentry","product_cat-aves"],"_links":{"self":[{"href":"https:\/\/espetinhosmimi.com.br\/ze\/wp-json\/wp\/v2\/product\/136","targetHints":{"allow":["GET"]}}],"collection":[{"href":"https:\/\/espetinhosmimi.com.br\/ze\/wp-json\/wp\/v2\/product"}],"about":[{"href":"https:\/\/espetinhosmimi.com.br\/ze\/wp-json\/wp\/v2\/types\/product"}],"replies":[{"embeddable":true,"href":"https:\/\/espetinhosmimi.com.br\/ze\/wp-json\/wp\/v2\/comments?post=136"}],"wp:featuredmedia":[{"embeddable":true,"href":"https:\/\/espetinhosmimi.com.br\/ze\/wp-json\/wp\/v2\/media\/397"}],"wp:attachment":[{"href":"https:\/\/espetinhosmimi.com.br\/ze\/wp-json\/wp\/v2\/media?parent=136"}],"wp:term":[{"taxonomy":"product_cat","embeddable":true,"href":"https:\/\/espetinhosmimi.com.br\/ze\/wp-json\/wp\/v2\/product_cat?post=136"},{"taxonomy":"product_tag","embeddable":true,"href":"https:\/\/espetinhosmimi.com.br\/ze\/wp-json\/wp\/v2\/product_tag?post=136"}],"curies":[{"name":"wp","href":"https:\/\/api.w.org\/{rel}","templated":true}]}}