{"id":138,"date":"2023-05-16T01:43:17","date_gmt":"2023-05-16T01:43:17","guid":{"rendered":"https:\/\/espetinhosmimi.com.br\/ze\/?post_type=product&#038;p=138"},"modified":"2024-10-25T23:22:08","modified_gmt":"2024-10-25T23:22:08","slug":"pao-de-alho-pacote-310g","status":"publish","type":"product","link":"https:\/\/espetinhosmimi.com.br\/ze\/produto\/pao-de-alho-pacote-310g\/","title":{"rendered":"P\u00e3o de alho tradicional Pacote 310g"},"content":{"rendered":"<p>P\u00e3o de alho tradicional resfriado.Crocante, cremoso e fofinho, o P\u00e3o de Alho da Espetinhos Mimi \u00e9 um sucesso nos churrascos entre amigos e familiares, e o complemento perfeito para seu churrasco.<\/p>\n<p>Embalagem de 300gr contendo 04 baguetes<\/p>\n<table class=\"table table-striped\">\n<tbody>\n<tr class=\"table-dimensoes\">\n<td class=\"info-dimensao\">Dimens\u00f5es do Pacote<\/td>\n<td><b class=\"info-largura\">Largura:<\/b>\u00a030 cm<\/p>\n<p><b class=\"info-altura\">Altura:<\/b>\u00a010 cm<\/p>\n<p><b class=\"info-comprimento\">Comprimento:<\/b>\u00a030 cm<\/td>\n<\/tr>\n<tr>\n<td>Peso<\/td>\n<td>280 grama(s)<\/td>\n<\/tr>\n<tr class=\"fabricante\">\n<td>Fabricante<\/td>\n<td>Espetinhos Mimi<\/td>\n<\/tr>\n<\/tbody>\n<\/table>\n","protected":false},"excerpt":{"rendered":"<p><strong>P\u00e3o de alho tradicional resfriado.<\/strong><br \/>\nCrocante, cremoso e fofinho, o P\u00e3o de Alho da Espetinhos Mimi \u00e9 um sucesso nos churrascos entre amigos e familiares, e o complemento perfeito para seu churrasco.<\/p>\n<p><strong>Embalagem de 300gr contendo 04 baguetes<\/strong><\/p>\n","protected":false},"featured_media":398,"comment_status":"open","ping_status":"closed","template":"","meta":[],"product_cat":[32],"product_tag":[],"class_list":["post-138","product","type-product","status-publish","has-post-thumbnail","hentry","product_cat-acompanhamentos"],"_links":{"self":[{"href":"https:\/\/espetinhosmimi.com.br\/ze\/wp-json\/wp\/v2\/product\/138","targetHints":{"allow":["GET"]}}],"collection":[{"href":"https:\/\/espetinhosmimi.com.br\/ze\/wp-json\/wp\/v2\/product"}],"about":[{"href":"https:\/\/espetinhosmimi.com.br\/ze\/wp-json\/wp\/v2\/types\/product"}],"replies":[{"embeddable":true,"href":"https:\/\/espetinhosmimi.com.br\/ze\/wp-json\/wp\/v2\/comments?post=138"}],"wp:featuredmedia":[{"embeddable":true,"href":"https:\/\/espetinhosmimi.com.br\/ze\/wp-json\/wp\/v2\/media\/398"}],"wp:attachment":[{"href":"https:\/\/espetinhosmimi.com.br\/ze\/wp-json\/wp\/v2\/media?parent=138"}],"wp:term":[{"taxonomy":"product_cat","embeddable":true,"href":"https:\/\/espetinhosmimi.com.br\/ze\/wp-json\/wp\/v2\/product_cat?post=138"},{"taxonomy":"product_tag","embeddable":true,"href":"https:\/\/espetinhosmimi.com.br\/ze\/wp-json\/wp\/v2\/product_tag?post=138"}],"curies":[{"name":"wp","href":"https:\/\/api.w.org\/{rel}","templated":true}]}}