{"id":139,"date":"2023-05-16T01:43:58","date_gmt":"2023-05-16T01:43:58","guid":{"rendered":"https:\/\/espetinhosmimi.com.br\/ze\/?post_type=product&#038;p=139"},"modified":"2023-07-04T19:01:06","modified_gmt":"2023-07-04T19:01:06","slug":"modelo-de-produtos-09","status":"publish","type":"product","link":"https:\/\/espetinhosmimi.com.br\/ze\/produto\/modelo-de-produtos-09\/","title":{"rendered":"Espeto de Queijo Coalho Tradicional Pacote Contendo 07 espetos"},"content":{"rendered":"<p>Espetinhos de Queijo Coalho com\u00a0sabor marcante e levemente salgado muito difundido na regi\u00e3o nordeste do pa\u00eds. Ideal para servir como Assado no Churrasco e muito vers\u00e1til para Receitas culin\u00e1rias.<\/p>\n<p>Pacote com 7 Espetos\u00a0com 400 Gramas<\/p>\n<p>Modo de Preparo: Retire o produto (resfriado) da embalagem e coloque os Espetos na Churrasqueira com fogo m\u00e9dio a alto. Vire sempre para que fique com uma cor uniforme e cuidado para n\u00e3o queimar o Palito.<\/p>\n<table class=\"table table-striped\">\n<tbody>\n<tr class=\"table-dimensoes\">\n<td class=\"info-dimensao\">Dimens\u00f5es do Pacote<\/td>\n<td><b class=\"info-largura\">Largura:<\/b>\u00a015 cm<\/p>\n<p><b class=\"info-altura\">Altura:<\/b>\u00a010 cm<\/p>\n<p><b class=\"info-comprimento\">Comprimento:<\/b>\u00a030 cm<\/td>\n<\/tr>\n<tr>\n<td>Peso<\/td>\n<td>400 grama(s)<\/td>\n<\/tr>\n<tr class=\"fabricante\">\n<td>Fabricante<\/td>\n<td>Espetinhos Mimi<\/td>\n<\/tr>\n<\/tbody>\n<\/table>\n","protected":false},"excerpt":{"rendered":"<p>Espetinhos de Queijo Coalho com\u00a0sabor marcante e levemente salgado muito difundido na regi\u00e3o nordeste do pa\u00eds. Ideal para servir como Assado no Churrasco e muito vers\u00e1til para Receitas culin\u00e1rias.<\/p>\n<p><strong>Pacote com 7 Espetos\u00a0com 400 Gramas<\/strong><\/p>\n","protected":false},"featured_media":589,"comment_status":"open","ping_status":"closed","template":"","meta":[],"product_cat":[32],"product_tag":[],"class_list":["post-139","product","type-product","status-publish","has-post-thumbnail","hentry","product_cat-acompanhamentos"],"_links":{"self":[{"href":"https:\/\/espetinhosmimi.com.br\/ze\/wp-json\/wp\/v2\/product\/139","targetHints":{"allow":["GET"]}}],"collection":[{"href":"https:\/\/espetinhosmimi.com.br\/ze\/wp-json\/wp\/v2\/product"}],"about":[{"href":"https:\/\/espetinhosmimi.com.br\/ze\/wp-json\/wp\/v2\/types\/product"}],"replies":[{"embeddable":true,"href":"https:\/\/espetinhosmimi.com.br\/ze\/wp-json\/wp\/v2\/comments?post=139"}],"wp:featuredmedia":[{"embeddable":true,"href":"https:\/\/espetinhosmimi.com.br\/ze\/wp-json\/wp\/v2\/media\/589"}],"wp:attachment":[{"href":"https:\/\/espetinhosmimi.com.br\/ze\/wp-json\/wp\/v2\/media?parent=139"}],"wp:term":[{"taxonomy":"product_cat","embeddable":true,"href":"https:\/\/espetinhosmimi.com.br\/ze\/wp-json\/wp\/v2\/product_cat?post=139"},{"taxonomy":"product_tag","embeddable":true,"href":"https:\/\/espetinhosmimi.com.br\/ze\/wp-json\/wp\/v2\/product_tag?post=139"}],"curies":[{"name":"wp","href":"https:\/\/api.w.org\/{rel}","templated":true}]}}