{"id":140,"date":"2023-05-16T01:47:22","date_gmt":"2023-05-16T01:47:22","guid":{"rendered":"https:\/\/espetinhosmimi.com.br\/ze\/?post_type=product&#038;p=140"},"modified":"2023-07-03T16:56:14","modified_gmt":"2023-07-03T16:56:14","slug":"carvao-saco-5kg","status":"publish","type":"product","link":"https:\/\/espetinhosmimi.com.br\/ze\/produto\/carvao-saco-5kg\/","title":{"rendered":"Carv\u00e3o Espetinhos Mimi Saco 2,5Kg"},"content":{"rendered":"<p>A Mimi n\u00e3o abre m\u00e3o de um carv\u00e3o com certifica\u00e7\u00e3o, origem, boa queima, e que garante a chama certa para as melhores carnes.<\/p>\n<p>Carv\u00e3o Espetinhos Mimi Saco 2Kg<\/p>\n<table class=\"table table-striped\">\n<tbody>\n<tr class=\"table-dimensoes\">\n<td class=\"info-dimensao\">Dimens\u00f5es do Pacote<\/td>\n<td><b class=\"info-largura\">Largura:<\/b>\u00a015 cm<\/p>\n<p><b class=\"info-altura\">Altura:<\/b>\u00a015 cm<\/p>\n<p><b class=\"info-comprimento\">Comprimento:<\/b>\u00a040 cm<\/td>\n<\/tr>\n<tr>\n<td>Peso<\/td>\n<td>2,50 kg(s)<\/td>\n<\/tr>\n<tr class=\"fabricante\">\n<td>Fabricante<\/td>\n<td>Espetinhos Mimi<\/td>\n<\/tr>\n<\/tbody>\n<\/table>\n","protected":false},"excerpt":{"rendered":"<p>A Mimi n\u00e3o abre m\u00e3o de um carv\u00e3o com certifica\u00e7\u00e3o, origem, boa queima, e que garante a chama certa para as melhores carnes.<\/p>\n<p><strong>Carv\u00e3o Espetinhos Mimi Saco 2Kg<\/strong><\/p>\n","protected":false},"featured_media":446,"comment_status":"open","ping_status":"closed","template":"","meta":[],"product_cat":[33],"product_tag":[],"class_list":["post-140","product","type-product","status-publish","has-post-thumbnail","hentry","product_cat-acessorios"],"_links":{"self":[{"href":"https:\/\/espetinhosmimi.com.br\/ze\/wp-json\/wp\/v2\/product\/140","targetHints":{"allow":["GET"]}}],"collection":[{"href":"https:\/\/espetinhosmimi.com.br\/ze\/wp-json\/wp\/v2\/product"}],"about":[{"href":"https:\/\/espetinhosmimi.com.br\/ze\/wp-json\/wp\/v2\/types\/product"}],"replies":[{"embeddable":true,"href":"https:\/\/espetinhosmimi.com.br\/ze\/wp-json\/wp\/v2\/comments?post=140"}],"wp:featuredmedia":[{"embeddable":true,"href":"https:\/\/espetinhosmimi.com.br\/ze\/wp-json\/wp\/v2\/media\/446"}],"wp:attachment":[{"href":"https:\/\/espetinhosmimi.com.br\/ze\/wp-json\/wp\/v2\/media?parent=140"}],"wp:term":[{"taxonomy":"product_cat","embeddable":true,"href":"https:\/\/espetinhosmimi.com.br\/ze\/wp-json\/wp\/v2\/product_cat?post=140"},{"taxonomy":"product_tag","embeddable":true,"href":"https:\/\/espetinhosmimi.com.br\/ze\/wp-json\/wp\/v2\/product_tag?post=140"}],"curies":[{"name":"wp","href":"https:\/\/api.w.org\/{rel}","templated":true}]}}