{"id":572,"date":"2023-06-16T19:45:24","date_gmt":"2023-06-16T19:45:24","guid":{"rendered":"https:\/\/espetinhosmimi.com.br\/ze\/?post_type=product&#038;p=572"},"modified":"2023-06-16T19:50:48","modified_gmt":"2023-06-16T19:50:48","slug":"guardanapo-espetinhos-mimi-pacote-com-50-un","status":"publish","type":"product","link":"https:\/\/espetinhosmimi.com.br\/ze\/produto\/guardanapo-espetinhos-mimi-pacote-com-50-un\/","title":{"rendered":"Guardanapo Espetinhos Mimi Pacote com 50 un."},"content":{"rendered":"<p>Guardanapos de papel Espetinhos Mimi.<\/p>\n<p>Para a mesa ficar completa e organizada em seu churrasco ou almo\u00e7o\u00a0n\u00e3o pode faltar os guardanapos\u00a0da Mimi. Al\u00e9m de bonitos, s\u00e3o resistentes, macios e com alto poder de absor\u00e7\u00e3o.<\/p>\n<p>Pacote com 50 un.<\/p>\n","protected":false},"excerpt":{"rendered":"<p>Guardanapos de papel Espetinhos Mimi.<\/p>\n<p>Para a mesa ficar completa e organizada em seu churrasco ou almo\u00e7o\u00a0n\u00e3o pode faltar os guardanapos\u00a0da Mimi. Al\u00e9m de bonitos, s\u00e3o resistentes, macios e com alto poder de absor\u00e7\u00e3o.<\/p>\n","protected":false},"featured_media":573,"comment_status":"open","ping_status":"closed","template":"","meta":[],"product_cat":[33],"product_tag":[],"class_list":["post-572","product","type-product","status-publish","has-post-thumbnail","hentry","product_cat-acessorios"],"_links":{"self":[{"href":"https:\/\/espetinhosmimi.com.br\/ze\/wp-json\/wp\/v2\/product\/572","targetHints":{"allow":["GET"]}}],"collection":[{"href":"https:\/\/espetinhosmimi.com.br\/ze\/wp-json\/wp\/v2\/product"}],"about":[{"href":"https:\/\/espetinhosmimi.com.br\/ze\/wp-json\/wp\/v2\/types\/product"}],"replies":[{"embeddable":true,"href":"https:\/\/espetinhosmimi.com.br\/ze\/wp-json\/wp\/v2\/comments?post=572"}],"wp:featuredmedia":[{"embeddable":true,"href":"https:\/\/espetinhosmimi.com.br\/ze\/wp-json\/wp\/v2\/media\/573"}],"wp:attachment":[{"href":"https:\/\/espetinhosmimi.com.br\/ze\/wp-json\/wp\/v2\/media?parent=572"}],"wp:term":[{"taxonomy":"product_cat","embeddable":true,"href":"https:\/\/espetinhosmimi.com.br\/ze\/wp-json\/wp\/v2\/product_cat?post=572"},{"taxonomy":"product_tag","embeddable":true,"href":"https:\/\/espetinhosmimi.com.br\/ze\/wp-json\/wp\/v2\/product_tag?post=572"}],"curies":[{"name":"wp","href":"https:\/\/api.w.org\/{rel}","templated":true}]}}