{"id":575,"date":"2023-06-16T19:52:00","date_gmt":"2023-06-16T19:52:00","guid":{"rendered":"https:\/\/espetinhosmimi.com.br\/ze\/?post_type=product&#038;p=575"},"modified":"2025-01-14T22:10:01","modified_gmt":"2025-01-14T22:10:01","slug":"brasa-atomica-espetinhos-mimi-2-unidades","status":"publish","type":"product","link":"https:\/\/espetinhosmimi.com.br\/ze\/produto\/brasa-atomica-espetinhos-mimi-2-unidades\/","title":{"rendered":"Brasa At\u00f4mica Espetinhos Mimi (2 Unidades)"},"content":{"rendered":"<p>Acendedor de Churrasqueira, pacote com 2 unidades.<\/p>\n<p>O acendimento \u00e9 seguro e r\u00e1pido.<br \/>\nN\u00e3o faz fuma\u00e7a, n\u00e3o deixa cheiro e n\u00e3o explode.<\/p>\n<p>Pacote com 40g.<\/p>\n","protected":false},"excerpt":{"rendered":"<p>Acendedor de Churrasqueira, pacote com 2 unidades.<\/p>\n<p>O acendimento \u00e9 seguro e r\u00e1pido.<br \/>\nN\u00e3o faz fuma\u00e7a, n\u00e3o deixa cheiro e n\u00e3o explode.<\/p>\n","protected":false},"featured_media":576,"comment_status":"open","ping_status":"closed","template":"","meta":[],"product_cat":[33],"product_tag":[],"class_list":["post-575","product","type-product","status-publish","has-post-thumbnail","hentry","product_cat-acessorios"],"_links":{"self":[{"href":"https:\/\/espetinhosmimi.com.br\/ze\/wp-json\/wp\/v2\/product\/575","targetHints":{"allow":["GET"]}}],"collection":[{"href":"https:\/\/espetinhosmimi.com.br\/ze\/wp-json\/wp\/v2\/product"}],"about":[{"href":"https:\/\/espetinhosmimi.com.br\/ze\/wp-json\/wp\/v2\/types\/product"}],"replies":[{"embeddable":true,"href":"https:\/\/espetinhosmimi.com.br\/ze\/wp-json\/wp\/v2\/comments?post=575"}],"wp:featuredmedia":[{"embeddable":true,"href":"https:\/\/espetinhosmimi.com.br\/ze\/wp-json\/wp\/v2\/media\/576"}],"wp:attachment":[{"href":"https:\/\/espetinhosmimi.com.br\/ze\/wp-json\/wp\/v2\/media?parent=575"}],"wp:term":[{"taxonomy":"product_cat","embeddable":true,"href":"https:\/\/espetinhosmimi.com.br\/ze\/wp-json\/wp\/v2\/product_cat?post=575"},{"taxonomy":"product_tag","embeddable":true,"href":"https:\/\/espetinhosmimi.com.br\/ze\/wp-json\/wp\/v2\/product_tag?post=575"}],"curies":[{"name":"wp","href":"https:\/\/api.w.org\/{rel}","templated":true}]}}